{"id":119,"date":"2025-11-24T14:03:26","date_gmt":"2025-11-24T14:03:26","guid":{"rendered":"https:\/\/www.rivieres-dronne.com\/?page_id=119"},"modified":"2025-12-19T10:08:52","modified_gmt":"2025-12-19T10:08:52","slug":"information-et-sensibilisation","status":"publish","type":"page","link":"https:\/\/www.rivieres-dronne.com\/index.php\/riviere-dordogne-dronne-nos-actions\/information-et-sensibilisation\/","title":{"rendered":"INFORMATION ET SENSIBILISATION"},"content":{"rendered":"<p>[et_pb_section fb_built=\u00a0\u00bb1&Prime; module_id=\u00a0\u00bbsection-presentation\u00a0\u00bb _builder_version=\u00a0\u00bb4.27.4&Prime; _module_preset=\u00a0\u00bbdefault\u00a0\u00bb background_color=\u00a0\u00bbrgba(10,10,10,0.42)\u00a0\u00bb background_image=\u00a0\u00bbhttps:\/\/www.rivieres-dronne.com\/wp-content\/uploads\/2025\/11\/sensibilisation-srb-dronne.jpg\u00a0\u00bb background_blend=\u00a0\u00bboverlay\u00a0\u00bb background_enable_video_mp4=\u00a0\u00bboff\u00a0\u00bb min_height=\u00a0\u00bb347px\u00a0\u00bb height=\u00a0\u00bb652px\u00a0\u00bb max_height=\u00a0\u00bb1000px\u00a0\u00bb hover_enabled=\u00a0\u00bb0&Prime; module_alignment_tablet=\u00a0\u00bb\u00a0\u00bb module_alignment_phone=\u00a0\u00bb\u00a0\u00bb module_alignment_last_edited=\u00a0\u00bbon|phone\u00a0\u00bb global_colors_info=\u00a0\u00bb{}\u00a0\u00bb min_height_last_edited=\u00a0\u00bbon|phone\u00a0\u00bb min_height_phone=\u00a0\u00bb967px\u00a0\u00bb sticky_enabled=\u00a0\u00bb0&Prime; min_height_tablet=\u00a0\u00bb347px\u00a0\u00bb][et_pb_row _builder_version=\u00a0\u00bb4.27.4&Prime; _module_preset=\u00a0\u00bbdefault\u00a0\u00bb width=\u00a0\u00bb100%\u00a0\u00bb max_width=\u00a0\u00bb1700px\u00a0\u00bb custom_margin=\u00a0\u00bb0px||0px||true|false\u00a0\u00bb custom_padding=\u00a0\u00bb71px||71px||true|false\u00a0\u00bb global_colors_info=\u00a0\u00bb{}\u00a0\u00bb][et_pb_column type=\u00a0\u00bb4_4&Prime; _builder_version=\u00a0\u00bb4.27.4&Prime; _module_preset=\u00a0\u00bbdefault\u00a0\u00bb background_enable_image=\u00a0\u00bboff\u00a0\u00bb global_colors_info=\u00a0\u00bb{}\u00a0\u00bb][et_pb_text _builder_version=\u00a0\u00bb4.27.4&Prime; _module_preset=\u00a0\u00bbdefault\u00a0\u00bb header_2_font=\u00a0\u00bbPoppins|700|||||||\u00a0\u00bb header_2_text_align=\u00a0\u00bbcenter\u00a0\u00bb header_2_text_color=\u00a0\u00bb#FFFFFF\u00a0\u00bb header_2_font_size=\u00a0\u00bb45px\u00a0\u00bb custom_margin=\u00a0\u00bb|3px|-55px||false|false\u00a0\u00bb custom_padding=\u00a0\u00bb94px||94px||true|false\u00a0\u00bb scroll_fade_enable=\u00a0\u00bbon\u00a0\u00bb global_colors_info=\u00a0\u00bb{}\u00a0\u00bb]<\/p>\n<h2>INFORMATION ET SENSIBILISATION<\/h2>\n<p>[\/et_pb_text][et_pb_text _builder_version=\u00a0\u00bb4.27.4&Prime; _module_preset=\u00a0\u00bbdefault\u00a0\u00bb text_font=\u00a0\u00bbPoppins|600|on||||||\u00a0\u00bb text_text_color=\u00a0\u00bb#FFFFFF\u00a0\u00bb text_font_size=\u00a0\u00bb21px\u00a0\u00bb text_letter_spacing=\u00a0\u00bb5px\u00a0\u00bb text_line_height=\u00a0\u00bb1.3em\u00a0\u00bb text_orientation=\u00a0\u00bbcenter\u00a0\u00bb custom_margin=\u00a0\u00bb|5px|||false|false\u00a0\u00bb custom_margin_tablet=\u00a0\u00bb|5px|||false|false\u00a0\u00bb custom_margin_phone=\u00a0\u00bb|5px|||false|false\u00a0\u00bb custom_margin_last_edited=\u00a0\u00bbon|phone\u00a0\u00bb custom_padding=\u00a0\u00bb|59px|182px|59px|false|true\u00a0\u00bb custom_padding_tablet=\u00a0\u00bb|59px|182px|59px|false|true\u00a0\u00bb custom_padding_phone=\u00a0\u00bb|47px|182px|47px|false|true\u00a0\u00bb custom_padding_last_edited=\u00a0\u00bbon|phone\u00a0\u00bb text_font_size_tablet=\u00a0\u00bb21px\u00a0\u00bb text_font_size_phone=\u00a0\u00bb20px\u00a0\u00bb text_font_size_last_edited=\u00a0\u00bbon|phone\u00a0\u00bb global_colors_info=\u00a0\u00bb{}\u00a0\u00bb]<\/p>\n<p>Le fonctionnement des cours d\u2019eau, leur int\u00e9r\u00eat pour les territoires et les actions men\u00e9es par le SRB Dronne sont encore m\u00e9connus. Il est donc essentiel d\u2019informer et de sensibiliser le grand public, les acteurs du territoire et le jeune public aux enjeux li\u00e9s aux milieux aquatiques et aux actions engag\u00e9es.<\/p>\n<p>[\/et_pb_text][\/et_pb_column][\/et_pb_row][\/et_pb_section][et_pb_section fb_built=\u00a0\u00bb1&Prime; module_id=\u00a0\u00bbsection-recharge-granulats\u00a0\u00bb _builder_version=\u00a0\u00bb4.27.4&Prime; _module_preset=\u00a0\u00bbdefault\u00a0\u00bb custom_margin=\u00a0\u00bb0px||0px||false|false\u00a0\u00bb custom_padding=\u00a0\u00bb46px||46px||true|false\u00a0\u00bb global_colors_info=\u00a0\u00bb{}\u00a0\u00bb][et_pb_row column_structure=\u00a0\u00bb1_2,1_2&Prime; _builder_version=\u00a0\u00bb4.27.4&Prime; _module_preset=\u00a0\u00bbdefault\u00a0\u00bb max_width=\u00a0\u00bb1322px\u00a0\u00bb global_colors_info=\u00a0\u00bb{}\u00a0\u00bb][et_pb_column type=\u00a0\u00bb1_2&Prime; _builder_version=\u00a0\u00bb4.27.4&Prime; _module_preset=\u00a0\u00bbdefault\u00a0\u00bb global_colors_info=\u00a0\u00bb{}\u00a0\u00bb][et_pb_image src=\u00a0\u00bbhttps:\/\/www.rivieres-dronne.com\/wp-content\/uploads\/2025\/11\/information-communication-srb-dronne-scaled.jpg\u00a0\u00bb title_text=\u00a0\u00bbinformation-communication-srb-dronne\u00a0\u00bb _builder_version=\u00a0\u00bb4.27.4&Prime; _module_preset=\u00a0\u00bbdefault\u00a0\u00bb border_radii=\u00a0\u00bbon|42px|42px|42px|42px\u00a0\u00bb global_colors_info=\u00a0\u00bb{}\u00a0\u00bb][\/et_pb_image][\/et_pb_column][et_pb_column type=\u00a0\u00bb1_2&Prime; _builder_version=\u00a0\u00bb4.27.4&Prime; _module_preset=\u00a0\u00bbdefault\u00a0\u00bb global_colors_info=\u00a0\u00bb{}\u00a0\u00bb][et_pb_text content_tablet=\u00a0\u00bb<\/p>\n<p style=%22text-align: justify;%22><strong>INFORMER LES \u00c9LUS, LE GRAND PUBLIC, LES RIVERAINS ET USAGERS DES MILIEUX AQUATIQUES<\/strong><strong><\/strong><\/p>\n<p style=%22text-align: justify;%22><strong><\/strong><\/p>\n<p>\u00a0\u00bb content_phone=\u00a0\u00bb<\/p>\n<p style=%22text-align: center;%22><strong>INFORMER LES \u00c9LUS, LE GRAND PUBLIC, LES RIVERAINS ET USAGERS DES MILIEUX AQUATIQUES<\/strong><strong><\/strong><\/p>\n<p style=%22text-align: justify;%22><strong><\/strong><\/p>\n<p>\u00a0\u00bb content_last_edited=\u00a0\u00bbon|phone\u00a0\u00bb _builder_version=\u00a0\u00bb4.27.4&Prime; _module_preset=\u00a0\u00bbdefault\u00a0\u00bb text_font=\u00a0\u00bbPoppins|700|||||||\u00a0\u00bb text_text_color=\u00a0\u00bb#4EC9C5&Prime; text_font_size=\u00a0\u00bb26px\u00a0\u00bb text_letter_spacing=\u00a0\u00bb1px\u00a0\u00bb text_line_height=\u00a0\u00bb1.8em\u00a0\u00bb custom_margin=\u00a0\u00bb50px||17px||false|false\u00a0\u00bb global_colors_info=\u00a0\u00bb{}\u00a0\u00bb]<\/p>\n<p style=\"text-align: justify;\"><strong>INFORMER LES \u00c9LUS, LE GRAND PUBLIC, LES RIVERAINS ET USAGERS DES MILIEUX AQUATIQUES<\/strong><strong><\/strong><\/p>\n<p style=\"text-align: justify;\"><strong><\/strong><\/p>\n<p>[\/et_pb_text][et_pb_text _builder_version=\u00a0\u00bb4.27.4&Prime; _module_preset=\u00a0\u00bbdefault\u00a0\u00bb text_font=\u00a0\u00bbPoppins||||||||\u00a0\u00bb text_text_color=\u00a0\u00bb#187F7C\u00a0\u00bb text_font_size=\u00a0\u00bb17px\u00a0\u00bb text_orientation=\u00a0\u00bbjustified\u00a0\u00bb custom_margin=\u00a0\u00bb-36px||25px||false|true\u00a0\u00bb global_colors_info=\u00a0\u00bb{}\u00a0\u00bb]<\/p>\n<p>Comprendre pour <strong>mieux agir<\/strong> est une \u00e9tape essentielle. Le fonctionnement des milieux aquatiques, les cycles de l\u2019eau et leurs interactions avec les activit\u00e9s humaines sur le territoire constituent des syst\u00e8mes complexes.<\/p>\n<p>En lien \u00e9troit avec de nombreux sp\u00e9cialistes et partenaires techniques, le SRB Dronne contribue \u00e0 <strong>l\u2019am\u00e9lioration des connaissances<\/strong> afin d\u2019adapter et d\u2019optimiser ses actions. Ces connaissances sont \u00e9galement partag\u00e9es avec les acteurs du territoire, les \u00e9lus et le grand public, dans une logique de <strong>gestion concert\u00e9e et durable des milieux aquatiques<\/strong> et de la ressource en eau, notamment dans un contexte de <strong>changement climatique<\/strong>.<\/p>\n<p>Le SRB Dronne organise chaque ann\u00e9e <strong>des journ\u00e9es de sensibilisation<\/strong> \u00e0 destination des \u00e9lus, abordant des th\u00e9matiques cl\u00e9s telles que l\u2019adaptation au changement climatique, les liens entre les eaux de surface et les eaux souterraines, ou encore les enjeux de gestion globale de l\u2019eau \u00e0 l\u2019\u00e9chelle du bassin versant.<\/p>\n<p>[\/et_pb_text][\/et_pb_column][\/et_pb_row][et_pb_row column_structure=\u00a0\u00bb1_2,1_2&Prime; _builder_version=\u00a0\u00bb4.27.4&Prime; _module_preset=\u00a0\u00bbdefault\u00a0\u00bb max_width=\u00a0\u00bb1322px\u00a0\u00bb global_colors_info=\u00a0\u00bb{}\u00a0\u00bb][et_pb_column type=\u00a0\u00bb1_2&Prime; _builder_version=\u00a0\u00bb4.27.4&Prime; _module_preset=\u00a0\u00bbdefault\u00a0\u00bb global_colors_info=\u00a0\u00bb{}\u00a0\u00bb][et_pb_text content_tablet=\u00a0\u00bb<\/p>\n<p style=%22text-align: justify;%22><strong>DES ANIMATIONS AUPRES DES SCOLAIRES ET DU GRAND PUBLIC<\/strong><strong><\/strong><\/p>\n<p style=%22text-align: justify;%22><strong><\/strong><\/p>\n<p>\u00a0\u00bb content_phone=\u00a0\u00bb<\/p>\n<p style=%22text-align: center;%22><strong>DES ANIMATIONS AUPRES DES SCOLAIRES ET DU GRAND PUBLIC<\/strong><strong><\/strong><\/p>\n<p style=%22text-align: justify;%22><strong><\/strong><\/p>\n<p>\u00a0\u00bb content_last_edited=\u00a0\u00bbon|phone\u00a0\u00bb _builder_version=\u00a0\u00bb4.27.4&Prime; _module_preset=\u00a0\u00bbdefault\u00a0\u00bb text_font=\u00a0\u00bbPoppins|700|||||||\u00a0\u00bb text_text_color=\u00a0\u00bb#4EC9C5&Prime; text_font_size=\u00a0\u00bb26px\u00a0\u00bb text_letter_spacing=\u00a0\u00bb1px\u00a0\u00bb text_line_height=\u00a0\u00bb1.8em\u00a0\u00bb custom_margin=\u00a0\u00bb50px||17px||false|false\u00a0\u00bb global_colors_info=\u00a0\u00bb{}\u00a0\u00bb]<\/p>\n<p style=\"text-align: justify;\"><strong>DES ANIMATIONS AUPRES DES SCOLAIRES ET DU GRAND PUBLIC<\/strong><strong><\/strong><\/p>\n<p style=\"text-align: justify;\"><strong><\/strong><\/p>\n<p>[\/et_pb_text][et_pb_text _builder_version=\u00a0\u00bb4.27.4&Prime; _module_preset=\u00a0\u00bbdefault\u00a0\u00bb text_font=\u00a0\u00bbPoppins||||||||\u00a0\u00bb text_text_color=\u00a0\u00bb#187F7C\u00a0\u00bb text_font_size=\u00a0\u00bb17px\u00a0\u00bb text_orientation=\u00a0\u00bbjustified\u00a0\u00bb custom_margin=\u00a0\u00bb-36px||25px||false|true\u00a0\u00bb global_colors_info=\u00a0\u00bb{}\u00a0\u00bb]<\/p>\n<p>Le SRB Dronne propose et participe \u00e0 des <strong>actions d\u2019animation et de sensibilisation<\/strong> \u00e0 destination de tous les publics, petits et grands, afin de faire d\u00e9couvrir les milieux aquatiques du territoire, de mieux comprendre leur fonctionnement et l&rsquo;int\u00e9r\u00eat de leur pr\u00e9servation. Ces actions sont men\u00e9es en partenariat avec les Maisons Familiales Rurales (MFR) et des coll\u00e8ges du territoire. Elles s\u2019inscrivent \u00e9galement en lien dans des \u00e9v\u00e9nements d\u00e9di\u00e9s \u00e0 la protection de la nature, tels que les <strong>F\u00eates de la Nature<\/strong>, en partenariat avec les autres structures locales engag\u00e9es dans la <strong>valorisation de l\u2019environnement<\/strong> (Conservatoire Espaces Naturels Nouvelle Aquitaine, Parc Naturel R\u00e9gional P\u00e9rigord-Limousin, F\u00e9d\u00e9rations D\u00e9partementales de P\u00eache de la Dordogne et de la Charente).<\/p>\n<p>[\/et_pb_text][\/et_pb_column][et_pb_column type=\u00a0\u00bb1_2&Prime; _builder_version=\u00a0\u00bb4.27.4&Prime; _module_preset=\u00a0\u00bbdefault\u00a0\u00bb global_colors_info=\u00a0\u00bb{}\u00a0\u00bb][et_pb_image src=\u00a0\u00bbhttps:\/\/www.rivieres-dronne.com\/wp-content\/uploads\/2025\/12\/descente-canoe-dronne-gamapi.jpg\u00a0\u00bb title_text=\u00a0\u00bbdescente-canoe-dronne-gamapi\u00a0\u00bb _builder_version=\u00a0\u00bb4.27.4&Prime; _module_preset=\u00a0\u00bbdefault\u00a0\u00bb border_radii=\u00a0\u00bbon|42px|42px|42px|42px\u00a0\u00bb global_colors_info=\u00a0\u00bb{}\u00a0\u00bb][\/et_pb_image][\/et_pb_column][\/et_pb_row][\/et_pb_section][et_pb_section fb_built=\u00a0\u00bb1&Prime; _builder_version=\u00a0\u00bb4.27.4&Prime; _module_preset=\u00a0\u00bbdefault\u00a0\u00bb background_color=\u00a0\u00bb#187F7C\u00a0\u00bb custom_margin=\u00a0\u00bb0px||0px||true|false\u00a0\u00bb custom_padding=\u00a0\u00bb0px||0px||true|false\u00a0\u00bb global_colors_info=\u00a0\u00bb{}\u00a0\u00bb][et_pb_row column_structure=\u00a0\u00bb1_5,1_5,1_5,1_5,1_5&Prime; _builder_version=\u00a0\u00bb4.27.4&Prime; _module_preset=\u00a0\u00bbdefault\u00a0\u00bb max_width=\u00a0\u00bb1920px\u00a0\u00bb global_colors_info=\u00a0\u00bb{}\u00a0\u00bb][et_pb_column type=\u00a0\u00bb1_5&Prime; _builder_version=\u00a0\u00bb4.27.4&Prime; _module_preset=\u00a0\u00bbdefault\u00a0\u00bb global_colors_info=\u00a0\u00bb{}\u00a0\u00bb][et_pb_image src=\u00a0\u00bbhttps:\/\/www.rivieres-dronne.com\/wp-content\/uploads\/2025\/11\/Rivieres-Dronne-logo.png\u00a0\u00bb title_text=\u00a0\u00bbRivieres-Dronne-logo\u00a0\u00bb _builder_version=\u00a0\u00bb4.27.4&Prime; _module_preset=\u00a0\u00bbdefault\u00a0\u00bb global_colors_info=\u00a0\u00bb{}\u00a0\u00bb][\/et_pb_image][\/et_pb_column][et_pb_column type=\u00a0\u00bb1_5&Prime; _builder_version=\u00a0\u00bb4.27.4&Prime; _module_preset=\u00a0\u00bbdefault\u00a0\u00bb global_colors_info=\u00a0\u00bb{}\u00a0\u00bb][et_pb_text _builder_version=\u00a0\u00bb4.27.4&Prime; _module_preset=\u00a0\u00bbdefault\u00a0\u00bb text_font=\u00a0\u00bbPoppins|700|||||||\u00a0\u00bb text_text_color=\u00a0\u00bb#FFFFFF\u00a0\u00bb text_font_size=\u00a0\u00bb15px\u00a0\u00bb custom_margin=\u00a0\u00bb||5px||false|false\u00a0\u00bb global_colors_info=\u00a0\u00bb{}\u00a0\u00bb]<\/p>\n<p>COORDONN\u00c9ES<\/p>\n<p>[\/et_pb_text][et_pb_text _builder_version=\u00a0\u00bb4.27.4&Prime; _module_preset=\u00a0\u00bbdefault\u00a0\u00bb text_font=\u00a0\u00bbPoppins||||||||\u00a0\u00bb text_text_color=\u00a0\u00bb#FFFFFF\u00a0\u00bb global_colors_info=\u00a0\u00bb{}\u00a0\u00bb]<\/p>\n<p>Syndicat de Rivi\u00e8res<br \/>du Bassin de la Dronne<\/p>\n<p>9 ter rue Couleau<br \/>24 600 RIBERAC<\/p>\n<p>Tel : 05 53 91 98 78<\/p>\n<p>[\/et_pb_text][\/et_pb_column][et_pb_column type=\u00a0\u00bb1_5&Prime; _builder_version=\u00a0\u00bb4.27.4&Prime; _module_preset=\u00a0\u00bbdefault\u00a0\u00bb global_colors_info=\u00a0\u00bb{}\u00a0\u00bb][et_pb_text _builder_version=\u00a0\u00bb4.27.4&Prime; _module_preset=\u00a0\u00bbdefault\u00a0\u00bb text_font=\u00a0\u00bbPoppins|700|||||||\u00a0\u00bb text_text_color=\u00a0\u00bb#FFFFFF\u00a0\u00bb text_font_size=\u00a0\u00bb15px\u00a0\u00bb custom_margin=\u00a0\u00bb||5px||false|false\u00a0\u00bb global_colors_info=\u00a0\u00bb{}\u00a0\u00bb]<\/p>\n<p>SRB DRONNE<\/p>\n<p>[\/et_pb_text][et_pb_text _builder_version=\u00a0\u00bb4.27.4&Prime; _module_preset=\u00a0\u00bbdefault\u00a0\u00bb text_font=\u00a0\u00bbPoppins||||||||\u00a0\u00bb text_text_color=\u00a0\u00bb#FFFFFF\u00a0\u00bb global_colors_info=\u00a0\u00bb{}\u00a0\u00bb]<\/p>\n<p><span style=\"color: #ffffff;\"><a href=\"https:\/\/www.rivieres-dronne.com\/index.php\/le-srb-dronne\/\" style=\"color: #ffffff;\">Le SRB Dronne<\/a><\/span><br \/><span style=\"color: #ffffff;\"><a href=\"https:\/\/www.rivieres-dronne.com\/index.php\/riviere-dordogne-dronne-nos-actions\/\" style=\"color: #ffffff;\">Nos missions<\/a><\/span><br \/><span style=\"color: #ffffff;\"><a href=\"https:\/\/www.rivieres-dronne.com\/index.php\/rivieres-dronne-realisations\/\" style=\"color: #ffffff;\">Nos r\u00e9alisations<\/a><\/span><br \/><span style=\"color: #ffffff;\"><a href=\"https:\/\/www.rivieres-dronne.com\/index.php\/la-dronne-au-fil-de-leau\/\" style=\"color: #ffffff;\">La Dronne au fil de l&rsquo;eau<\/a><\/span><br \/><span style=\"color: #ffffff;\"><a href=\"https:\/\/www.rivieres-dronne.com\/index.php\/actualites\/\" style=\"color: #ffffff;\">Actualit\u00e9s<\/a><\/span><\/p>\n<p>[\/et_pb_text][\/et_pb_column][et_pb_column type=\u00a0\u00bb1_5&Prime; _builder_version=\u00a0\u00bb4.27.4&Prime; _module_preset=\u00a0\u00bbdefault\u00a0\u00bb global_colors_info=\u00a0\u00bb{}\u00a0\u00bb][et_pb_text _builder_version=\u00a0\u00bb4.27.4&Prime; _module_preset=\u00a0\u00bbdefault\u00a0\u00bb text_font=\u00a0\u00bbPoppins|700|||||||\u00a0\u00bb text_text_color=\u00a0\u00bb#FFFFFF\u00a0\u00bb text_font_size=\u00a0\u00bb15px\u00a0\u00bb custom_margin=\u00a0\u00bb||5px||false|false\u00a0\u00bb global_colors_info=\u00a0\u00bb{}\u00a0\u00bb]<\/p>\n<p>LIENS UTILES<\/p>\n<p>[\/et_pb_text][et_pb_text _builder_version=\u00a0\u00bb4.27.4&Prime; _module_preset=\u00a0\u00bbdefault\u00a0\u00bb text_font=\u00a0\u00bbPoppins||||||||\u00a0\u00bb text_text_color=\u00a0\u00bb#FFFFFF\u00a0\u00bb global_colors_info=\u00a0\u00bb{}\u00a0\u00bb]<\/p>\n<p><span style=\"color: #ffffff;\"><a href=\"https:\/\/www.rivieres-dronne.com\/index.php\/srb-dronne-nos-partenaires\/\" style=\"color: #ffffff;\">Nos partenaires<\/a><\/span><br \/><span style=\"color: #ffffff;\"><a href=\"https:\/\/www.rivieres-dronne.com\/index.php\/actes-administratifs\/\" style=\"color: #ffffff;\">Actes administratifs<\/a><\/span><br \/><span style=\"color: #ffffff;\"><a href=\"https:\/\/www.rivieres-dronne.com\/index.php\/srb-dronne-ressources\/\" style=\"color: #ffffff;\">Ressources<\/a><\/span><br \/><span style=\"color: #ffffff;\"><a href=\"https:\/\/www.rivieres-dronne.com\/index.php\/gemapi-en-images\/\" style=\"color: #ffffff;\">GEMAPI en images<\/a><\/span><\/p>\n<p>[\/et_pb_text][\/et_pb_column][et_pb_column type=\u00a0\u00bb1_5&Prime; _builder_version=\u00a0\u00bb4.27.4&Prime; _module_preset=\u00a0\u00bbdefault\u00a0\u00bb global_colors_info=\u00a0\u00bb{}\u00a0\u00bb][et_pb_text _builder_version=\u00a0\u00bb4.27.4&Prime; _module_preset=\u00a0\u00bbdefault\u00a0\u00bb text_font=\u00a0\u00bbPoppins|700|||||||\u00a0\u00bb text_text_color=\u00a0\u00bb#FFFFFF\u00a0\u00bb text_font_size=\u00a0\u00bb15px\u00a0\u00bb custom_margin=\u00a0\u00bb||5px||false|false\u00a0\u00bb global_colors_info=\u00a0\u00bb{}\u00a0\u00bb]<\/p>\n<p>INFORMATIONS L\u00c9GALES<\/p>\n<p>[\/et_pb_text][et_pb_text _builder_version=\u00a0\u00bb4.27.4&Prime; _module_preset=\u00a0\u00bbdefault\u00a0\u00bb text_font=\u00a0\u00bbPoppins||||||||\u00a0\u00bb text_text_color=\u00a0\u00bb#FFFFFF\u00a0\u00bb global_colors_info=\u00a0\u00bb{}\u00a0\u00bb]<\/p>\n<p><span style=\"color: #ffffff;\"><a href=\"https:\/\/www.rivieres-dronne.com\/index.php\/srb-dronne-mentions-legales\/\" style=\"color: #ffffff;\">Mentions l\u00e9gales<\/a><\/span><\/p>\n<p><em>Copyright 2025<\/em><br \/>Tous droits r\u00e9serv\u00e9s<\/p>\n<p>[\/et_pb_text][\/et_pb_column][\/et_pb_row][\/et_pb_section]<\/p>\n","protected":false},"excerpt":{"rendered":"<p>INFORMATION ET SENSIBILISATIONLe fonctionnement des cours d\u2019eau, leur int\u00e9r\u00eat pour les territoires et les actions men\u00e9es par le SRB Dronne sont encore m\u00e9connus. Il est donc essentiel d\u2019informer et de sensibiliser le grand public, les acteurs du territoire et le jeune public aux enjeux li\u00e9s aux milieux aquatiques et aux actions engag\u00e9es.INFORMER LES \u00c9LUS, LE [&hellip;]<\/p>\n","protected":false},"author":4,"featured_media":0,"parent":103,"menu_order":0,"comment_status":"closed","ping_status":"closed","template":"","meta":{"_et_pb_use_builder":"on","_et_pb_old_content":"<!-- wp:divi\/placeholder \/-->","_et_gb_content_width":"","_monsterinsights_skip_tracking":false,"_monsterinsights_sitenote_active":false,"_monsterinsights_sitenote_note":"","_monsterinsights_sitenote_category":0,"footnotes":""},"class_list":["post-119","page","type-page","status-publish","hentry"],"_links":{"self":[{"href":"https:\/\/www.rivieres-dronne.com\/index.php\/wp-json\/wp\/v2\/pages\/119","targetHints":{"allow":["GET"]}}],"collection":[{"href":"https:\/\/www.rivieres-dronne.com\/index.php\/wp-json\/wp\/v2\/pages"}],"about":[{"href":"https:\/\/www.rivieres-dronne.com\/index.php\/wp-json\/wp\/v2\/types\/page"}],"author":[{"embeddable":true,"href":"https:\/\/www.rivieres-dronne.com\/index.php\/wp-json\/wp\/v2\/users\/4"}],"replies":[{"embeddable":true,"href":"https:\/\/www.rivieres-dronne.com\/index.php\/wp-json\/wp\/v2\/comments?post=119"}],"version-history":[{"count":12,"href":"https:\/\/www.rivieres-dronne.com\/index.php\/wp-json\/wp\/v2\/pages\/119\/revisions"}],"predecessor-version":[{"id":1134,"href":"https:\/\/www.rivieres-dronne.com\/index.php\/wp-json\/wp\/v2\/pages\/119\/revisions\/1134"}],"up":[{"embeddable":true,"href":"https:\/\/www.rivieres-dronne.com\/index.php\/wp-json\/wp\/v2\/pages\/103"}],"wp:attachment":[{"href":"https:\/\/www.rivieres-dronne.com\/index.php\/wp-json\/wp\/v2\/media?parent=119"}],"curies":[{"name":"wp","href":"https:\/\/api.w.org\/{rel}","templated":true}]}}